{"id":104,"date":"2022-11-04T12:11:03","date_gmt":"2022-11-04T12:11:03","guid":{"rendered":"https:\/\/hostalvalledeliregua.com\/?page_id=104"},"modified":"2022-11-04T12:11:03","modified_gmt":"2022-11-04T12:11:03","slug":"habitacion-13-14-2-camas-bano-frente-habitacion","status":"publish","type":"page","link":"https:\/\/hostalvalledeliregua.com\/index.php\/habitacion-13-14-2-camas-bano-frente-habitacion\/","title":{"rendered":"Habitaci\u00f3n 13-14- 2-Camas Ba\u00f1o Frente Habitaci\u00f3n"},"content":{"rendered":"\n<figure class=\"wp-block-gallery has-nested-images columns-4 is-cropped wp-block-gallery-1 is-layout-flex wp-block-gallery-is-layout-flex\">\n<figure class=\"wp-block-image size-large is-style-rounded\"><img loading=\"lazy\" decoding=\"async\" width=\"984\" height=\"738\" data-id=\"107\" src=\"https:\/\/hostalvalledeliregua.com\/wp-content\/uploads\/2022\/11\/habitacion-14.jpg\" alt=\"Habitaci\u00f3n 13\" class=\"wp-image-107\" srcset=\"https:\/\/hostalvalledeliregua.com\/wp-content\/uploads\/2022\/11\/habitacion-14.jpg 984w, https:\/\/hostalvalledeliregua.com\/wp-content\/uploads\/2022\/11\/habitacion-14-300x225.jpg 300w, https:\/\/hostalvalledeliregua.com\/wp-content\/uploads\/2022\/11\/habitacion-14-768x576.jpg 768w\" sizes=\"auto, (max-width: 984px) 100vw, 984px\" \/><figcaption class=\"wp-element-caption\">Habitaci\u00f3n 13<\/figcaption><\/figure>\n\n\n\n<figure class=\"wp-block-image size-large is-style-rounded\"><img loading=\"lazy\" decoding=\"async\" width=\"768\" height=\"1024\" data-id=\"105\" src=\"https:\/\/hostalvalledeliregua.com\/wp-content\/uploads\/2022\/11\/aseo-13-768x1024.jpg\" alt=\"Aseo 13\" class=\"wp-image-105\" srcset=\"https:\/\/hostalvalledeliregua.com\/wp-content\/uploads\/2022\/11\/aseo-13-768x1024.jpg 768w, https:\/\/hostalvalledeliregua.com\/wp-content\/uploads\/2022\/11\/aseo-13-225x300.jpg 225w, https:\/\/hostalvalledeliregua.com\/wp-content\/uploads\/2022\/11\/aseo-13.jpg 984w\" sizes=\"auto, (max-width: 768px) 100vw, 768px\" \/><figcaption class=\"wp-element-caption\">Aseo 13<\/figcaption><\/figure>\n\n\n\n<figure class=\"wp-block-image size-large is-style-rounded\"><img loading=\"lazy\" decoding=\"async\" width=\"984\" height=\"738\" data-id=\"106\" src=\"https:\/\/hostalvalledeliregua.com\/wp-content\/uploads\/2022\/11\/habitacion-13.jpg\" alt=\"Habitaci\u00f3n 14\" class=\"wp-image-106\" srcset=\"https:\/\/hostalvalledeliregua.com\/wp-content\/uploads\/2022\/11\/habitacion-13.jpg 984w, https:\/\/hostalvalledeliregua.com\/wp-content\/uploads\/2022\/11\/habitacion-13-300x225.jpg 300w, https:\/\/hostalvalledeliregua.com\/wp-content\/uploads\/2022\/11\/habitacion-13-768x576.jpg 768w\" sizes=\"auto, (max-width: 984px) 100vw, 984px\" \/><figcaption class=\"wp-element-caption\">Habitaci\u00f3n 14<\/figcaption><\/figure>\n\n\n\n<figure class=\"wp-block-image size-large is-style-rounded\"><img loading=\"lazy\" decoding=\"async\" width=\"768\" height=\"1024\" data-id=\"108\" src=\"https:\/\/hostalvalledeliregua.com\/wp-content\/uploads\/2022\/11\/aseo-14-768x1024.jpg\" alt=\"Aseo 14\" class=\"wp-image-108\" srcset=\"https:\/\/hostalvalledeliregua.com\/wp-content\/uploads\/2022\/11\/aseo-14-768x1024.jpg 768w, https:\/\/hostalvalledeliregua.com\/wp-content\/uploads\/2022\/11\/aseo-14-225x300.jpg 225w, https:\/\/hostalvalledeliregua.com\/wp-content\/uploads\/2022\/11\/aseo-14.jpg 984w\" sizes=\"auto, (max-width: 768px) 100vw, 768px\" \/><figcaption class=\"wp-element-caption\">Aseo 14<\/figcaption><\/figure>\n<\/figure>\n","protected":false},"excerpt":{"rendered":"","protected":false},"author":1,"featured_media":0,"parent":0,"menu_order":0,"comment_status":"closed","ping_status":"closed","template":"","meta":{"_kad_post_transparent":"","_kad_post_title":"","_kad_post_layout":"","_kad_post_sidebar_id":"","_kad_post_content_style":"","_kad_post_vertical_padding":"","_kad_post_feature":"","_kad_post_feature_position":"","_kad_post_header":false,"_kad_post_footer":false,"_kad_post_classname":"","footnotes":""},"class_list":["post-104","page","type-page","status-publish","hentry"],"_links":{"self":[{"href":"https:\/\/hostalvalledeliregua.com\/index.php\/wp-json\/wp\/v2\/pages\/104","targetHints":{"allow":["GET"]}}],"collection":[{"href":"https:\/\/hostalvalledeliregua.com\/index.php\/wp-json\/wp\/v2\/pages"}],"about":[{"href":"https:\/\/hostalvalledeliregua.com\/index.php\/wp-json\/wp\/v2\/types\/page"}],"author":[{"embeddable":true,"href":"https:\/\/hostalvalledeliregua.com\/index.php\/wp-json\/wp\/v2\/users\/1"}],"replies":[{"embeddable":true,"href":"https:\/\/hostalvalledeliregua.com\/index.php\/wp-json\/wp\/v2\/comments?post=104"}],"version-history":[{"count":1,"href":"https:\/\/hostalvalledeliregua.com\/index.php\/wp-json\/wp\/v2\/pages\/104\/revisions"}],"predecessor-version":[{"id":110,"href":"https:\/\/hostalvalledeliregua.com\/index.php\/wp-json\/wp\/v2\/pages\/104\/revisions\/110"}],"wp:attachment":[{"href":"https:\/\/hostalvalledeliregua.com\/index.php\/wp-json\/wp\/v2\/media?parent=104"}],"curies":[{"name":"wp","href":"https:\/\/api.w.org\/{rel}","templated":true}]}}